{"id":1811064,"date":"2025-06-27T19:43:04","date_gmt":"2025-06-27T18:43:04","guid":{"rendered":"https:\/\/beiraja.com\/?page_id=1811064"},"modified":"2025-06-27T21:11:53","modified_gmt":"2025-06-27T20:11:53","slug":"accesibilidad","status":"publish","type":"page","link":"https:\/\/beiraja.com\/es\/accesibilidad\/","title":{"rendered":"Accesibilidad"},"content":{"rendered":"\t\t<div data-elementor-type=\"wp-page\" data-elementor-id=\"1811064\" class=\"elementor elementor-1811064 elementor-1811062\">\n\t\t\t\t\t\t<section class=\"elementor-section elementor-top-section elementor-element elementor-element-2affa69 elementor-section-boxed elementor-section-height-default elementor-section-height-default parallax_section_no qode_elementor_container_no\" data-id=\"2affa69\" data-element_type=\"section\">\n\t\t\t\t\t\t<div class=\"elementor-container elementor-column-gap-default\">\n\t\t\t\t\t<div class=\"elementor-column elementor-col-100 elementor-top-column elementor-element elementor-element-eea46c3\" data-id=\"eea46c3\" data-element_type=\"column\">\n\t\t\t<div class=\"elementor-widget-wrap elementor-element-populated\">\n\t\t\t\t\t\t<div class=\"elementor-element elementor-element-c1c43e5 elementor-widget elementor-widget-spacer\" data-id=\"c1c43e5\" data-element_type=\"widget\" data-widget_type=\"spacer.default\">\n\t\t\t\t<div class=\"elementor-widget-container\">\n\t\t\t\t\t\t\t<div class=\"elementor-spacer\">\n\t\t\t<div class=\"elementor-spacer-inner\"><\/div>\n\t\t<\/div>\n\t\t\t\t\t\t<\/div>\n\t\t\t\t<\/div>\n\t\t\t\t<div class=\"elementor-element elementor-element-9355d21 elementor-widget elementor-widget-text-editor\" data-id=\"9355d21\" data-element_type=\"widget\" data-widget_type=\"text-editor.default\">\n\t\t\t\t<div class=\"elementor-widget-container\">\n\t\t\t\t\t\t\t\t\t<h1>Accesibilidad<\/h1>\n<div><span style=\"vertical-align: inherit;\">&nbsp;<\/span><\/div>\n<div>&nbsp;<\/div>\n<p data-start=\"91\" data-end=\"350\">Este sitio web forma parte de una actividad profesional por cuenta propia, de car\u00e1cter local e individual. Somos conscientes de la importancia de la accesibilidad digital y estamos comprometidos con la mejora gradual de la experiencia para todos los usuarios.<\/p><p data-start=\"91\" data-end=\"350\"><br><\/p>\n<p data-start=\"352\" data-end=\"655\">Actualmente, el sitio a\u00fan no cumple plenamente con todos los requisitos de accesibilidad establecidos por la legislaci\u00f3n, debido a las limitaciones t\u00e9cnicas y econ\u00f3micas asociadas a su implementaci\u00f3n completa. No obstante, nos comprometemos a aplicar mejoras de forma progresiva siempre que sea posible.<\/p><p data-start=\"352\" data-end=\"655\"><br><\/p>\n<p data-start=\"1049\" data-end=\"1212\">Si tiene sugerencias o encuentra dificultades en la navegaci\u00f3n, puede ponerse en contacto con nosotros a trav\u00e9s del <a class=\"\" href=\"\/contactenos\" rel=\"noopener\" data-start=\"1138\" data-end=\"1174\">formulario de contacto<\/a>&nbsp;o enviando un correo electr\u00f3nico au <a class=\"cursor-pointer\" href=\"mailto:beiraja.interior@gmail.com\">beiraja.interior@gmail.com<\/a>.<\/p>\t\t\t\t\t\t\t\t<\/div>\n\t\t\t\t<\/div>\n\t\t\t\t<div class=\"elementor-element elementor-element-542f5cf elementor-widget elementor-widget-spacer\" data-id=\"542f5cf\" data-element_type=\"widget\" data-widget_type=\"spacer.default\">\n\t\t\t\t<div class=\"elementor-widget-container\">\n\t\t\t\t\t\t\t<div class=\"elementor-spacer\">\n\t\t\t<div class=\"elementor-spacer-inner\"><\/div>\n\t\t<\/div>\n\t\t\t\t\t\t<\/div>\n\t\t\t\t<\/div>\n\t\t\t\t\t<\/div>\n\t\t<\/div>\n\t\t\t\t\t<\/div>\n\t\t<\/section>\n\t\t\t\t<\/div>\n\t\t","protected":false},"excerpt":{"rendered":"<p>Accesibilidad &nbsp; &nbsp; Este sitio web forma&#8230;<\/p>\n","protected":false},"author":1,"featured_media":0,"parent":0,"menu_order":0,"comment_status":"closed","ping_status":"closed","template":"","meta":{"footnotes":""},"class_list":["post-1811064","page","type-page","status-publish","hentry"],"yoast_head":"<!-- This site is optimized with the Yoast SEO plugin v26.5 - https:\/\/yoast.com\/wordpress\/plugins\/seo\/ -->\n<title>Accesibilidad - Beir&#039;Aja<\/title>\n<meta name=\"robots\" content=\"index, follow, max-snippet:-1, max-image-preview:large, max-video-preview:-1\" \/>\n<link rel=\"canonical\" href=\"https:\/\/beiraja.com\/es\/accesibilidad\/\" \/>\n<meta property=\"og:locale\" content=\"es_ES\" \/>\n<meta property=\"og:type\" content=\"article\" \/>\n<meta property=\"og:title\" content=\"Accesibilidad - Beir&#039;Aja\" \/>\n<meta property=\"og:description\" content=\"Accesibilidad &nbsp; &nbsp; Este sitio web forma...\" \/>\n<meta property=\"og:url\" content=\"https:\/\/beiraja.com\/es\/accesibilidad\/\" \/>\n<meta property=\"og:site_name\" content=\"Beir&#039;Aja\" \/>\n<meta property=\"article:publisher\" content=\"https:\/\/www.facebook.com\/Beirajainterior\" \/>\n<meta property=\"article:modified_time\" content=\"2025-06-27T20:11:53+00:00\" \/>\n<meta name=\"twitter:card\" content=\"summary_large_image\" \/>\n<meta name=\"twitter:label1\" content=\"Tiempo de lectura\" \/>\n\t<meta name=\"twitter:data1\" content=\"1 minuto\" \/>\n<script type=\"application\/ld+json\" class=\"yoast-schema-graph\">{\"@context\":\"https:\/\/schema.org\",\"@graph\":[{\"@type\":\"WebPage\",\"@id\":\"https:\/\/beiraja.com\/es\/accesibilidad\/\",\"url\":\"https:\/\/beiraja.com\/es\/accesibilidad\/\",\"name\":\"Accesibilidad - Beir&#039;Aja\",\"isPartOf\":{\"@id\":\"https:\/\/beiraja.com\/es\/#website\"},\"datePublished\":\"2025-06-27T18:43:04+00:00\",\"dateModified\":\"2025-06-27T20:11:53+00:00\",\"breadcrumb\":{\"@id\":\"https:\/\/beiraja.com\/es\/accesibilidad\/#breadcrumb\"},\"inLanguage\":\"es\",\"potentialAction\":[{\"@type\":\"ReadAction\",\"target\":[\"https:\/\/beiraja.com\/es\/accesibilidad\/\"]}]},{\"@type\":\"BreadcrumbList\",\"@id\":\"https:\/\/beiraja.com\/es\/accesibilidad\/#breadcrumb\",\"itemListElement\":[{\"@type\":\"ListItem\",\"position\":1,\"name\":\"Home\",\"item\":\"https:\/\/beiraja.com\/es\/\"},{\"@type\":\"ListItem\",\"position\":2,\"name\":\"Accesibilidad\"}]},{\"@type\":\"WebSite\",\"@id\":\"https:\/\/beiraja.com\/es\/#website\",\"url\":\"https:\/\/beiraja.com\/es\/\",\"name\":\"Beir&#039;Aja\",\"description\":\"Ajam e Descubram o Interior atrav\u00e9s das nossas atividades.\",\"publisher\":{\"@id\":\"https:\/\/beiraja.com\/es\/#organization\"},\"potentialAction\":[{\"@type\":\"SearchAction\",\"target\":{\"@type\":\"EntryPoint\",\"urlTemplate\":\"https:\/\/beiraja.com\/es\/?s={search_term_string}\"},\"query-input\":{\"@type\":\"PropertyValueSpecification\",\"valueRequired\":true,\"valueName\":\"search_term_string\"}}],\"inLanguage\":\"es\"},{\"@type\":\"Organization\",\"@id\":\"https:\/\/beiraja.com\/es\/#organization\",\"name\":\"Beir'Aja\",\"url\":\"https:\/\/beiraja.com\/es\/\",\"logo\":{\"@type\":\"ImageObject\",\"inLanguage\":\"es\",\"@id\":\"https:\/\/beiraja.com\/es\/#\/schema\/logo\/image\/\",\"url\":\"https:\/\/beiraja.com\/wp-content\/uploads\/2020\/11\/3-icones-cores-2-1.png\",\"contentUrl\":\"https:\/\/beiraja.com\/wp-content\/uploads\/2020\/11\/3-icones-cores-2-1.png\",\"width\":250,\"height\":250,\"caption\":\"Beir'Aja\"},\"image\":{\"@id\":\"https:\/\/beiraja.com\/es\/#\/schema\/logo\/image\/\"},\"sameAs\":[\"https:\/\/www.facebook.com\/Beirajainterior\",\"https:\/\/www.instagram.com\/beiraja_interior\/\",\"https:\/\/www.linkedin.com\/company\/beiraja\/about\/\"]}]}<\/script>\n<!-- \/ Yoast SEO plugin. -->","yoast_head_json":{"title":"Accesibilidad - Beir&#039;Aja","robots":{"index":"index","follow":"follow","max-snippet":"max-snippet:-1","max-image-preview":"max-image-preview:large","max-video-preview":"max-video-preview:-1"},"canonical":"https:\/\/beiraja.com\/es\/accesibilidad\/","og_locale":"es_ES","og_type":"article","og_title":"Accesibilidad - Beir&#039;Aja","og_description":"Accesibilidad &nbsp; &nbsp; Este sitio web forma...","og_url":"https:\/\/beiraja.com\/es\/accesibilidad\/","og_site_name":"Beir&#039;Aja","article_publisher":"https:\/\/www.facebook.com\/Beirajainterior","article_modified_time":"2025-06-27T20:11:53+00:00","twitter_card":"summary_large_image","twitter_misc":{"Tiempo de lectura":"1 minuto"},"schema":{"@context":"https:\/\/schema.org","@graph":[{"@type":"WebPage","@id":"https:\/\/beiraja.com\/es\/accesibilidad\/","url":"https:\/\/beiraja.com\/es\/accesibilidad\/","name":"Accesibilidad - Beir&#039;Aja","isPartOf":{"@id":"https:\/\/beiraja.com\/es\/#website"},"datePublished":"2025-06-27T18:43:04+00:00","dateModified":"2025-06-27T20:11:53+00:00","breadcrumb":{"@id":"https:\/\/beiraja.com\/es\/accesibilidad\/#breadcrumb"},"inLanguage":"es","potentialAction":[{"@type":"ReadAction","target":["https:\/\/beiraja.com\/es\/accesibilidad\/"]}]},{"@type":"BreadcrumbList","@id":"https:\/\/beiraja.com\/es\/accesibilidad\/#breadcrumb","itemListElement":[{"@type":"ListItem","position":1,"name":"Home","item":"https:\/\/beiraja.com\/es\/"},{"@type":"ListItem","position":2,"name":"Accesibilidad"}]},{"@type":"WebSite","@id":"https:\/\/beiraja.com\/es\/#website","url":"https:\/\/beiraja.com\/es\/","name":"Beir&#039;Aja","description":"Ajam e Descubram o Interior atrav\u00e9s das nossas atividades.","publisher":{"@id":"https:\/\/beiraja.com\/es\/#organization"},"potentialAction":[{"@type":"SearchAction","target":{"@type":"EntryPoint","urlTemplate":"https:\/\/beiraja.com\/es\/?s={search_term_string}"},"query-input":{"@type":"PropertyValueSpecification","valueRequired":true,"valueName":"search_term_string"}}],"inLanguage":"es"},{"@type":"Organization","@id":"https:\/\/beiraja.com\/es\/#organization","name":"Beir'Aja","url":"https:\/\/beiraja.com\/es\/","logo":{"@type":"ImageObject","inLanguage":"es","@id":"https:\/\/beiraja.com\/es\/#\/schema\/logo\/image\/","url":"https:\/\/beiraja.com\/wp-content\/uploads\/2020\/11\/3-icones-cores-2-1.png","contentUrl":"https:\/\/beiraja.com\/wp-content\/uploads\/2020\/11\/3-icones-cores-2-1.png","width":250,"height":250,"caption":"Beir'Aja"},"image":{"@id":"https:\/\/beiraja.com\/es\/#\/schema\/logo\/image\/"},"sameAs":["https:\/\/www.facebook.com\/Beirajainterior","https:\/\/www.instagram.com\/beiraja_interior\/","https:\/\/www.linkedin.com\/company\/beiraja\/about\/"]}]}},"_links":{"self":[{"href":"https:\/\/beiraja.com\/es\/wp-json\/wp\/v2\/pages\/1811064","targetHints":{"allow":["GET"]}}],"collection":[{"href":"https:\/\/beiraja.com\/es\/wp-json\/wp\/v2\/pages"}],"about":[{"href":"https:\/\/beiraja.com\/es\/wp-json\/wp\/v2\/types\/page"}],"author":[{"embeddable":true,"href":"https:\/\/beiraja.com\/es\/wp-json\/wp\/v2\/users\/1"}],"replies":[{"embeddable":true,"href":"https:\/\/beiraja.com\/es\/wp-json\/wp\/v2\/comments?post=1811064"}],"version-history":[{"count":5,"href":"https:\/\/beiraja.com\/es\/wp-json\/wp\/v2\/pages\/1811064\/revisions"}],"predecessor-version":[{"id":1811096,"href":"https:\/\/beiraja.com\/es\/wp-json\/wp\/v2\/pages\/1811064\/revisions\/1811096"}],"wp:attachment":[{"href":"https:\/\/beiraja.com\/es\/wp-json\/wp\/v2\/media?parent=1811064"}],"curies":[{"name":"wp","href":"https:\/\/api.w.org\/{rel}","templated":true}]}}