{"id":1811062,"date":"2025-06-27T19:44:06","date_gmt":"2025-06-27T18:44:06","guid":{"rendered":"https:\/\/beiraja.com\/?page_id=1811062"},"modified":"2025-06-27T21:00:22","modified_gmt":"2025-06-27T20:00:22","slug":"acessibilidade","status":"publish","type":"page","link":"https:\/\/beiraja.com\/pt-pt\/acessibilidade\/","title":{"rendered":"Acessibilidade"},"content":{"rendered":"\t\t<div data-elementor-type=\"wp-page\" data-elementor-id=\"1811062\" class=\"elementor elementor-1811062\">\n\t\t\t\t\t\t<section class=\"elementor-section elementor-top-section elementor-element elementor-element-2affa69 elementor-section-boxed elementor-section-height-default elementor-section-height-default parallax_section_no qode_elementor_container_no\" data-id=\"2affa69\" data-element_type=\"section\">\n\t\t\t\t\t\t<div class=\"elementor-container elementor-column-gap-default\">\n\t\t\t\t\t<div class=\"elementor-column elementor-col-100 elementor-top-column elementor-element elementor-element-eea46c3\" data-id=\"eea46c3\" data-element_type=\"column\">\n\t\t\t<div class=\"elementor-widget-wrap elementor-element-populated\">\n\t\t\t\t\t\t<div class=\"elementor-element elementor-element-c1c43e5 elementor-widget elementor-widget-spacer\" data-id=\"c1c43e5\" data-element_type=\"widget\" data-widget_type=\"spacer.default\">\n\t\t\t\t<div class=\"elementor-widget-container\">\n\t\t\t\t\t\t\t<div class=\"elementor-spacer\">\n\t\t\t<div class=\"elementor-spacer-inner\"><\/div>\n\t\t<\/div>\n\t\t\t\t\t\t<\/div>\n\t\t\t\t<\/div>\n\t\t\t\t<div class=\"elementor-element elementor-element-2b1a39c elementor-widget elementor-widget-text-editor\" data-id=\"2b1a39c\" data-element_type=\"widget\" data-widget_type=\"text-editor.default\">\n\t\t\t\t<div class=\"elementor-widget-container\">\n\t\t\t\t\t\t\t\t\t<h1><span style=\"vertical-align: inherit;\">Acessibilidade<\/span><\/h1>\n<div><span style=\"vertical-align: inherit;\">&nbsp;<\/span><\/div>\n<div><br><\/div>\n<p>Este site faz parte de uma atividade profissional em nome pr\u00f3prio, de \u00e2mbito local e individual. Estamos conscientes da import\u00e2ncia da acessibilidade digital e empenhados em melhorar gradualmente a experi\u00eancia para todos os utilizadores.<\/p><p><br><\/p>\n<p data-start=\"768\" data-end=\"1047\">Atualmente, o site ainda n\u00e3o cumpre plenamente todos os requisitos de acessibilidade definidos pela legisla\u00e7\u00e3o, tendo em conta os encargos t\u00e9cnicos e econ\u00f3micos associados \u00e0 sua implementa\u00e7\u00e3o integral. No entanto, comprometemo-nos a adotar melhorias faseadas sempre que poss\u00edvel.<\/p><p data-start=\"768\" data-end=\"1047\"><br><\/p>\n<p data-start=\"1049\" data-end=\"1212\">Se tiver sugest\u00f5es ou encontrar dificuldades na navega\u00e7\u00e3o, pode contactar-nos atrav\u00e9s do <a class=\"\" href=\"\/contacta-nos\" rel=\"noopener\" data-start=\"1138\" data-end=\"1174\">formul\u00e1rio de contacto<\/a> ou pelo email <a class=\"cursor-pointer\" href=\"mailto:beiraja.interior@gmail.com\">beiraja.interior@gmail.com<\/a>.<\/p>\t\t\t\t\t\t\t\t<\/div>\n\t\t\t\t<\/div>\n\t\t\t\t<div class=\"elementor-element elementor-element-542f5cf elementor-widget elementor-widget-spacer\" data-id=\"542f5cf\" data-element_type=\"widget\" data-widget_type=\"spacer.default\">\n\t\t\t\t<div class=\"elementor-widget-container\">\n\t\t\t\t\t\t\t<div class=\"elementor-spacer\">\n\t\t\t<div class=\"elementor-spacer-inner\"><\/div>\n\t\t<\/div>\n\t\t\t\t\t\t<\/div>\n\t\t\t\t<\/div>\n\t\t\t\t\t<\/div>\n\t\t<\/div>\n\t\t\t\t\t<\/div>\n\t\t<\/section>\n\t\t\t\t<\/div>\n\t\t","protected":false},"excerpt":{"rendered":"<p>Acessibilidade &nbsp; Este site faz parte de&#8230;<\/p>\n","protected":false},"author":1,"featured_media":0,"parent":0,"menu_order":0,"comment_status":"closed","ping_status":"closed","template":"","meta":{"footnotes":""},"class_list":["post-1811062","page","type-page","status-publish","hentry"],"yoast_head":"<!-- This site is optimized with the Yoast SEO plugin v26.5 - https:\/\/yoast.com\/wordpress\/plugins\/seo\/ -->\n<title>Acessibilidade - Beir&#039;Aja<\/title>\n<meta name=\"robots\" content=\"index, follow, max-snippet:-1, max-image-preview:large, max-video-preview:-1\" \/>\n<link rel=\"canonical\" href=\"https:\/\/beiraja.com\/pt-pt\/acessibilidade\/\" \/>\n<meta property=\"og:locale\" content=\"pt_PT\" \/>\n<meta property=\"og:type\" content=\"article\" \/>\n<meta property=\"og:title\" content=\"Acessibilidade - Beir&#039;Aja\" \/>\n<meta property=\"og:description\" content=\"Acessibilidade &nbsp; Este site faz parte de...\" \/>\n<meta property=\"og:url\" content=\"https:\/\/beiraja.com\/pt-pt\/acessibilidade\/\" \/>\n<meta property=\"og:site_name\" content=\"Beir&#039;Aja\" \/>\n<meta property=\"article:publisher\" content=\"https:\/\/www.facebook.com\/Beirajainterior\" \/>\n<meta property=\"article:modified_time\" content=\"2025-06-27T20:00:22+00:00\" \/>\n<meta name=\"twitter:card\" content=\"summary_large_image\" \/>\n<meta name=\"twitter:label1\" content=\"Tempo estimado de leitura\" \/>\n\t<meta name=\"twitter:data1\" content=\"1 minuto\" \/>\n<script type=\"application\/ld+json\" class=\"yoast-schema-graph\">{\"@context\":\"https:\/\/schema.org\",\"@graph\":[{\"@type\":\"WebPage\",\"@id\":\"https:\/\/beiraja.com\/pt-pt\/acessibilidade\/\",\"url\":\"https:\/\/beiraja.com\/pt-pt\/acessibilidade\/\",\"name\":\"Acessibilidade - Beir&#039;Aja\",\"isPartOf\":{\"@id\":\"https:\/\/beiraja.com\/pt-pt\/#website\"},\"datePublished\":\"2025-06-27T18:44:06+00:00\",\"dateModified\":\"2025-06-27T20:00:22+00:00\",\"breadcrumb\":{\"@id\":\"https:\/\/beiraja.com\/pt-pt\/acessibilidade\/#breadcrumb\"},\"inLanguage\":\"pt-PT\",\"potentialAction\":[{\"@type\":\"ReadAction\",\"target\":[\"https:\/\/beiraja.com\/pt-pt\/acessibilidade\/\"]}]},{\"@type\":\"BreadcrumbList\",\"@id\":\"https:\/\/beiraja.com\/pt-pt\/acessibilidade\/#breadcrumb\",\"itemListElement\":[{\"@type\":\"ListItem\",\"position\":1,\"name\":\"Home\",\"item\":\"https:\/\/beiraja.com\/pt-pt\/\"},{\"@type\":\"ListItem\",\"position\":2,\"name\":\"Acessibilidade\"}]},{\"@type\":\"WebSite\",\"@id\":\"https:\/\/beiraja.com\/pt-pt\/#website\",\"url\":\"https:\/\/beiraja.com\/pt-pt\/\",\"name\":\"Beir&#039;Aja\",\"description\":\"Ajam e Descubram o Interior atrav\u00e9s das nossas atividades.\",\"publisher\":{\"@id\":\"https:\/\/beiraja.com\/pt-pt\/#organization\"},\"potentialAction\":[{\"@type\":\"SearchAction\",\"target\":{\"@type\":\"EntryPoint\",\"urlTemplate\":\"https:\/\/beiraja.com\/pt-pt\/?s={search_term_string}\"},\"query-input\":{\"@type\":\"PropertyValueSpecification\",\"valueRequired\":true,\"valueName\":\"search_term_string\"}}],\"inLanguage\":\"pt-PT\"},{\"@type\":\"Organization\",\"@id\":\"https:\/\/beiraja.com\/pt-pt\/#organization\",\"name\":\"Beir'Aja\",\"url\":\"https:\/\/beiraja.com\/pt-pt\/\",\"logo\":{\"@type\":\"ImageObject\",\"inLanguage\":\"pt-PT\",\"@id\":\"https:\/\/beiraja.com\/pt-pt\/#\/schema\/logo\/image\/\",\"url\":\"https:\/\/beiraja.com\/wp-content\/uploads\/2020\/11\/3-icones-cores-2-1.png\",\"contentUrl\":\"https:\/\/beiraja.com\/wp-content\/uploads\/2020\/11\/3-icones-cores-2-1.png\",\"width\":250,\"height\":250,\"caption\":\"Beir'Aja\"},\"image\":{\"@id\":\"https:\/\/beiraja.com\/pt-pt\/#\/schema\/logo\/image\/\"},\"sameAs\":[\"https:\/\/www.facebook.com\/Beirajainterior\",\"https:\/\/www.instagram.com\/beiraja_interior\/\",\"https:\/\/www.linkedin.com\/company\/beiraja\/about\/\"]}]}<\/script>\n<!-- \/ Yoast SEO plugin. -->","yoast_head_json":{"title":"Acessibilidade - Beir&#039;Aja","robots":{"index":"index","follow":"follow","max-snippet":"max-snippet:-1","max-image-preview":"max-image-preview:large","max-video-preview":"max-video-preview:-1"},"canonical":"https:\/\/beiraja.com\/pt-pt\/acessibilidade\/","og_locale":"pt_PT","og_type":"article","og_title":"Acessibilidade - Beir&#039;Aja","og_description":"Acessibilidade &nbsp; Este site faz parte de...","og_url":"https:\/\/beiraja.com\/pt-pt\/acessibilidade\/","og_site_name":"Beir&#039;Aja","article_publisher":"https:\/\/www.facebook.com\/Beirajainterior","article_modified_time":"2025-06-27T20:00:22+00:00","twitter_card":"summary_large_image","twitter_misc":{"Tempo estimado de leitura":"1 minuto"},"schema":{"@context":"https:\/\/schema.org","@graph":[{"@type":"WebPage","@id":"https:\/\/beiraja.com\/pt-pt\/acessibilidade\/","url":"https:\/\/beiraja.com\/pt-pt\/acessibilidade\/","name":"Acessibilidade - Beir&#039;Aja","isPartOf":{"@id":"https:\/\/beiraja.com\/pt-pt\/#website"},"datePublished":"2025-06-27T18:44:06+00:00","dateModified":"2025-06-27T20:00:22+00:00","breadcrumb":{"@id":"https:\/\/beiraja.com\/pt-pt\/acessibilidade\/#breadcrumb"},"inLanguage":"pt-PT","potentialAction":[{"@type":"ReadAction","target":["https:\/\/beiraja.com\/pt-pt\/acessibilidade\/"]}]},{"@type":"BreadcrumbList","@id":"https:\/\/beiraja.com\/pt-pt\/acessibilidade\/#breadcrumb","itemListElement":[{"@type":"ListItem","position":1,"name":"Home","item":"https:\/\/beiraja.com\/pt-pt\/"},{"@type":"ListItem","position":2,"name":"Acessibilidade"}]},{"@type":"WebSite","@id":"https:\/\/beiraja.com\/pt-pt\/#website","url":"https:\/\/beiraja.com\/pt-pt\/","name":"Beir&#039;Aja","description":"Ajam e Descubram o Interior atrav\u00e9s das nossas atividades.","publisher":{"@id":"https:\/\/beiraja.com\/pt-pt\/#organization"},"potentialAction":[{"@type":"SearchAction","target":{"@type":"EntryPoint","urlTemplate":"https:\/\/beiraja.com\/pt-pt\/?s={search_term_string}"},"query-input":{"@type":"PropertyValueSpecification","valueRequired":true,"valueName":"search_term_string"}}],"inLanguage":"pt-PT"},{"@type":"Organization","@id":"https:\/\/beiraja.com\/pt-pt\/#organization","name":"Beir'Aja","url":"https:\/\/beiraja.com\/pt-pt\/","logo":{"@type":"ImageObject","inLanguage":"pt-PT","@id":"https:\/\/beiraja.com\/pt-pt\/#\/schema\/logo\/image\/","url":"https:\/\/beiraja.com\/wp-content\/uploads\/2020\/11\/3-icones-cores-2-1.png","contentUrl":"https:\/\/beiraja.com\/wp-content\/uploads\/2020\/11\/3-icones-cores-2-1.png","width":250,"height":250,"caption":"Beir'Aja"},"image":{"@id":"https:\/\/beiraja.com\/pt-pt\/#\/schema\/logo\/image\/"},"sameAs":["https:\/\/www.facebook.com\/Beirajainterior","https:\/\/www.instagram.com\/beiraja_interior\/","https:\/\/www.linkedin.com\/company\/beiraja\/about\/"]}]}},"_links":{"self":[{"href":"https:\/\/beiraja.com\/pt-pt\/wp-json\/wp\/v2\/pages\/1811062","targetHints":{"allow":["GET"]}}],"collection":[{"href":"https:\/\/beiraja.com\/pt-pt\/wp-json\/wp\/v2\/pages"}],"about":[{"href":"https:\/\/beiraja.com\/pt-pt\/wp-json\/wp\/v2\/types\/page"}],"author":[{"embeddable":true,"href":"https:\/\/beiraja.com\/pt-pt\/wp-json\/wp\/v2\/users\/1"}],"replies":[{"embeddable":true,"href":"https:\/\/beiraja.com\/pt-pt\/wp-json\/wp\/v2\/comments?post=1811062"}],"version-history":[{"count":5,"href":"https:\/\/beiraja.com\/pt-pt\/wp-json\/wp\/v2\/pages\/1811062\/revisions"}],"predecessor-version":[{"id":1811078,"href":"https:\/\/beiraja.com\/pt-pt\/wp-json\/wp\/v2\/pages\/1811062\/revisions\/1811078"}],"wp:attachment":[{"href":"https:\/\/beiraja.com\/pt-pt\/wp-json\/wp\/v2\/media?parent=1811062"}],"curies":[{"name":"wp","href":"https:\/\/api.w.org\/{rel}","templated":true}]}}